{"id":2274,"date":"2024-05-08T05:36:35","date_gmt":"2024-05-08T05:36:35","guid":{"rendered":"https:\/\/prcwerk.instawp.xyz\/projekte\/"},"modified":"2024-05-31T02:43:32","modified_gmt":"2024-05-31T02:43:32","slug":"projekte","status":"publish","type":"page","link":"https:\/\/prcwerk.com\/de\/projekte\/","title":{"rendered":"PROJEKTE"},"content":{"rendered":"\t\t<div data-elementor-type=\"wp-page\" data-elementor-id=\"2274\" class=\"elementor elementor-2274 elementor-77\" data-elementor-post-type=\"page\">\n\t\t\t\t<div class=\"elementor-element elementor-element-abd6e68 e-con-full e-flex e-con e-parent\" data-id=\"abd6e68\" data-element_type=\"container\" data-e-type=\"container\">\n\t\t\t\t<div class=\"elementor-element elementor-element-f6f4605 elementor-widget elementor-widget-image\" data-id=\"f6f4605\" data-element_type=\"widget\" data-e-type=\"widget\" data-widget_type=\"image.default\">\n\t\t\t\t<div class=\"elementor-widget-container\">\n\t\t\t\t\t\t\t\t\t\t\t\t\t\t\t<img fetchpriority=\"high\" decoding=\"async\" width=\"2560\" height=\"1656\" src=\"https:\/\/prcwerk.com\/wp-content\/uploads\/2024\/05\/Banner-scaled.jpg\" class=\"attachment-full size-full wp-image-1317\" alt=\"\" srcset=\"https:\/\/prcwerk.com\/wp-content\/uploads\/2024\/05\/Banner-scaled.jpg 2560w, https:\/\/prcwerk.com\/wp-content\/uploads\/2024\/05\/Banner-300x194.jpg 300w, https:\/\/prcwerk.com\/wp-content\/uploads\/2024\/05\/Banner-1024x662.jpg 1024w, https:\/\/prcwerk.com\/wp-content\/uploads\/2024\/05\/Banner-768x497.jpg 768w, https:\/\/prcwerk.com\/wp-content\/uploads\/2024\/05\/Banner-1536x993.jpg 1536w, https:\/\/prcwerk.com\/wp-content\/uploads\/2024\/05\/Banner-2048x1324.jpg 2048w\" sizes=\"(max-width: 2560px) 100vw, 2560px\" \/>\t\t\t\t\t\t\t\t\t\t\t\t\t\t\t<\/div>\n\t\t\t\t<\/div>\n\t\t<div class=\"elementor-element elementor-element-b7adb96 e-flex e-con-boxed e-con e-child\" data-id=\"b7adb96\" data-element_type=\"container\" data-e-type=\"container\">\n\t\t\t\t\t<div class=\"e-con-inner\">\n\t\t\t\t<div class=\"elementor-element elementor-element-017cd6f elementor-widget elementor-widget-heading\" data-id=\"017cd6f\" data-element_type=\"widget\" data-e-type=\"widget\" data-widget_type=\"heading.default\">\n\t\t\t\t<div class=\"elementor-widget-container\">\n\t\t\t\t\t<h2 class=\"elementor-heading-title elementor-size-default\">PROJEKTE<\/h2>\t\t\t\t<\/div>\n\t\t\t\t<\/div>\n\t\t\t\t<div class=\"elementor-element elementor-element-bb05f84 elementor-widget-divider--view-line elementor-widget elementor-widget-divider\" data-id=\"bb05f84\" data-element_type=\"widget\" data-e-type=\"widget\" data-widget_type=\"divider.default\">\n\t\t\t\t<div class=\"elementor-widget-container\">\n\t\t\t\t\t\t\t<div class=\"elementor-divider\">\n\t\t\t<span class=\"elementor-divider-separator\">\n\t\t\t\t\t\t<\/span>\n\t\t<\/div>\n\t\t\t\t\t\t<\/div>\n\t\t\t\t<\/div>\n\t\t\t\t<div class=\"elementor-element elementor-element-d899406 elementor-widget elementor-widget-text-editor\" data-id=\"d899406\" data-element_type=\"widget\" data-e-type=\"widget\" data-widget_type=\"text-editor.default\">\n\t\t\t\t<div class=\"elementor-widget-container\">\n\t\t\t\t\t\t\t\t\t<p>Bei PRC Werk sind wir stolz auf unsere vielf\u00e4ltigen Projekte, die Design, Renovierung und Konstruktion umfassen. Mit unserer Expertise und unserem Engagement f\u00fcr Exzellenz erwecken wir Ihre Vision zum Leben, unabh\u00e4ngig von der Gr\u00f6\u00dfe oder Komplexit\u00e4t des Projekts. Egal ob Sie ein kleines Apartment in Bangkok renovieren, Ihren Wohnraum erweitern oder ein gro\u00df angelegtes Bauprojekt starten m\u00f6chten, Sie k\u00f6nnen darauf vertrauen, dass PRC Werk Ihre Vision mit gr\u00f6\u00dfter Sorgfalt und Pr\u00e4zision umsetzt.  <\/p>\n\t\t\t\t\t\t\t\t<\/div>\n\t\t\t\t<\/div>\n\t\t<div class=\"elementor-element elementor-element-44e499a e-flex e-con-boxed e-con e-child\" data-id=\"44e499a\" data-element_type=\"container\" data-e-type=\"container\">\n\t\t\t\t\t<div class=\"e-con-inner\">\n\t\t\t\t\t<\/div>\n\t\t\t\t<\/div>\n\t\t\t\t\t<\/div>\n\t\t\t\t<\/div>\n\t\t\t\t<\/div>\n\t\t\t\t<\/div>\n\t\t","protected":false},"excerpt":{"rendered":"<p>PROJEKTE Bei PRC Werk sind wir stolz auf unsere vielf\u00e4ltigen Projekte, die Design, Renovierung und Konstruktion umfassen. Mit unserer Expertise [&hellip;]<\/p>\n","protected":false},"author":1,"featured_media":0,"parent":0,"menu_order":0,"comment_status":"closed","ping_status":"closed","template":"","meta":{"_acf_changed":false,"site-sidebar-layout":"no-sidebar","site-content-layout":"","ast-site-content-layout":"full-width-container","site-content-style":"default","site-sidebar-style":"default","ast-global-header-display":"","ast-banner-title-visibility":"","ast-main-header-display":"","ast-hfb-above-header-display":"","ast-hfb-below-header-display":"","ast-hfb-mobile-header-display":"","site-post-title":"disabled","ast-breadcrumbs-content":"","ast-featured-img":"disabled","footer-sml-layout":"","ast-disable-related-posts":"","theme-transparent-header-meta":"","adv-header-id-meta":"","stick-header-meta":"","header-above-stick-meta":"","header-main-stick-meta":"","header-below-stick-meta":"","astra-migrate-meta-layouts":"default","ast-page-background-enabled":"default","ast-page-background-meta":{"desktop":{"background-color":"var(--ast-global-color-4)","background-image":"","background-repeat":"repeat","background-position":"center center","background-size":"auto","background-attachment":"scroll","background-type":"","background-media":"","overlay-type":"","overlay-color":"","overlay-opacity":"","overlay-gradient":""},"tablet":{"background-color":"","background-image":"","background-repeat":"repeat","background-position":"center center","background-size":"auto","background-attachment":"scroll","background-type":"","background-media":"","overlay-type":"","overlay-color":"","overlay-opacity":"","overlay-gradient":""},"mobile":{"background-color":"","background-image":"","background-repeat":"repeat","background-position":"center center","background-size":"auto","background-attachment":"scroll","background-type":"","background-media":"","overlay-type":"","overlay-color":"","overlay-opacity":"","overlay-gradient":""}},"ast-content-background-meta":{"desktop":{"background-color":"var(--ast-global-color-5)","background-image":"","background-repeat":"repeat","background-position":"center center","background-size":"auto","background-attachment":"scroll","background-type":"","background-media":"","overlay-type":"","overlay-color":"","overlay-opacity":"","overlay-gradient":""},"tablet":{"background-color":"var(--ast-global-color-5)","background-image":"","background-repeat":"repeat","background-position":"center center","background-size":"auto","background-attachment":"scroll","background-type":"","background-media":"","overlay-type":"","overlay-color":"","overlay-opacity":"","overlay-gradient":""},"mobile":{"background-color":"var(--ast-global-color-5)","background-image":"","background-repeat":"repeat","background-position":"center center","background-size":"auto","background-attachment":"scroll","background-type":"","background-media":"","overlay-type":"","overlay-color":"","overlay-opacity":"","overlay-gradient":""}},"footnotes":""},"class_list":["post-2274","page","type-page","status-publish","hentry"],"acf":[],"yoast_head":"<!-- This site is optimized with the Yoast SEO plugin v27.4 - https:\/\/yoast.com\/product\/yoast-seo-wordpress\/ -->\n<title>PROJEKTE - prcwerk.com<\/title>\n<meta name=\"robots\" content=\"index, follow, max-snippet:-1, max-image-preview:large, max-video-preview:-1\" \/>\n<link rel=\"canonical\" href=\"https:\/\/prcwerk.com\/de\/projekte\/\" \/>\n<meta property=\"og:locale\" content=\"de_DE\" \/>\n<meta property=\"og:type\" content=\"article\" \/>\n<meta property=\"og:title\" content=\"PROJEKTE - prcwerk.com\" \/>\n<meta property=\"og:description\" content=\"PROJEKTE Bei PRC Werk sind wir stolz auf unsere vielf\u00e4ltigen Projekte, die Design, Renovierung und Konstruktion umfassen. Mit unserer Expertise [&hellip;]\" \/>\n<meta property=\"og:url\" content=\"https:\/\/prcwerk.com\/de\/projekte\/\" \/>\n<meta property=\"og:site_name\" content=\"prcwerk.com\" \/>\n<meta property=\"article:modified_time\" content=\"2024-05-31T02:43:32+00:00\" \/>\n<meta property=\"og:image\" content=\"https:\/\/prcwerk.com\/wp-content\/uploads\/2024\/05\/Banner-scaled.jpg\" \/>\n<meta name=\"twitter:card\" content=\"summary_large_image\" \/>\n<script type=\"application\/ld+json\" class=\"yoast-schema-graph\">{\"@context\":\"https:\\\/\\\/schema.org\",\"@graph\":[{\"@type\":\"WebPage\",\"@id\":\"https:\\\/\\\/prcwerk.com\\\/de\\\/projekte\\\/\",\"url\":\"https:\\\/\\\/prcwerk.com\\\/de\\\/projekte\\\/\",\"name\":\"PROJEKTE - prcwerk.com\",\"isPartOf\":{\"@id\":\"https:\\\/\\\/prcwerk.com\\\/#website\"},\"primaryImageOfPage\":{\"@id\":\"https:\\\/\\\/prcwerk.com\\\/de\\\/projekte\\\/#primaryimage\"},\"image\":{\"@id\":\"https:\\\/\\\/prcwerk.com\\\/de\\\/projekte\\\/#primaryimage\"},\"thumbnailUrl\":\"https:\\\/\\\/prcwerk.com\\\/wp-content\\\/uploads\\\/2024\\\/05\\\/Banner-scaled.jpg\",\"datePublished\":\"2024-05-08T05:36:35+00:00\",\"dateModified\":\"2024-05-31T02:43:32+00:00\",\"breadcrumb\":{\"@id\":\"https:\\\/\\\/prcwerk.com\\\/de\\\/projekte\\\/#breadcrumb\"},\"inLanguage\":\"de\",\"potentialAction\":[{\"@type\":\"ReadAction\",\"target\":[\"https:\\\/\\\/prcwerk.com\\\/de\\\/projekte\\\/\"]}]},{\"@type\":\"ImageObject\",\"inLanguage\":\"de\",\"@id\":\"https:\\\/\\\/prcwerk.com\\\/de\\\/projekte\\\/#primaryimage\",\"url\":\"https:\\\/\\\/prcwerk.com\\\/wp-content\\\/uploads\\\/2024\\\/05\\\/Banner-scaled.jpg\",\"contentUrl\":\"https:\\\/\\\/prcwerk.com\\\/wp-content\\\/uploads\\\/2024\\\/05\\\/Banner-scaled.jpg\"},{\"@type\":\"BreadcrumbList\",\"@id\":\"https:\\\/\\\/prcwerk.com\\\/de\\\/projekte\\\/#breadcrumb\",\"itemListElement\":[{\"@type\":\"ListItem\",\"position\":1,\"name\":\"Home\",\"item\":\"https:\\\/\\\/prcwerk.com\\\/\"},{\"@type\":\"ListItem\",\"position\":2,\"name\":\"PROJEKTE\"}]},{\"@type\":\"WebSite\",\"@id\":\"https:\\\/\\\/prcwerk.com\\\/#website\",\"url\":\"https:\\\/\\\/prcwerk.com\\\/\",\"name\":\"prcwerk.com\",\"description\":\"\",\"publisher\":{\"@id\":\"https:\\\/\\\/prcwerk.com\\\/#organization\"},\"potentialAction\":[{\"@type\":\"SearchAction\",\"target\":{\"@type\":\"EntryPoint\",\"urlTemplate\":\"https:\\\/\\\/prcwerk.com\\\/?s={search_term_string}\"},\"query-input\":{\"@type\":\"PropertyValueSpecification\",\"valueRequired\":true,\"valueName\":\"search_term_string\"}}],\"inLanguage\":\"de\"},{\"@type\":\"Organization\",\"@id\":\"https:\\\/\\\/prcwerk.com\\\/#organization\",\"name\":\"prcwerk.com\",\"url\":\"https:\\\/\\\/prcwerk.com\\\/\",\"logo\":{\"@type\":\"ImageObject\",\"inLanguage\":\"de\",\"@id\":\"https:\\\/\\\/prcwerk.com\\\/#\\\/schema\\\/logo\\\/image\\\/\",\"url\":\"https:\\\/\\\/prcwerk.com\\\/wp-content\\\/uploads\\\/2024\\\/04\\\/PRC-512-White.png\",\"contentUrl\":\"https:\\\/\\\/prcwerk.com\\\/wp-content\\\/uploads\\\/2024\\\/04\\\/PRC-512-White.png\",\"width\":512,\"height\":512,\"caption\":\"prcwerk.com\"},\"image\":{\"@id\":\"https:\\\/\\\/prcwerk.com\\\/#\\\/schema\\\/logo\\\/image\\\/\"}}]}<\/script>\n<!-- \/ Yoast SEO plugin. -->","yoast_head_json":{"title":"PROJEKTE - prcwerk.com","robots":{"index":"index","follow":"follow","max-snippet":"max-snippet:-1","max-image-preview":"max-image-preview:large","max-video-preview":"max-video-preview:-1"},"canonical":"https:\/\/prcwerk.com\/de\/projekte\/","og_locale":"de_DE","og_type":"article","og_title":"PROJEKTE - prcwerk.com","og_description":"PROJEKTE Bei PRC Werk sind wir stolz auf unsere vielf\u00e4ltigen Projekte, die Design, Renovierung und Konstruktion umfassen. Mit unserer Expertise [&hellip;]","og_url":"https:\/\/prcwerk.com\/de\/projekte\/","og_site_name":"prcwerk.com","article_modified_time":"2024-05-31T02:43:32+00:00","og_image":[{"url":"https:\/\/prcwerk.com\/wp-content\/uploads\/2024\/05\/Banner-scaled.jpg","type":"","width":"","height":""}],"twitter_card":"summary_large_image","schema":{"@context":"https:\/\/schema.org","@graph":[{"@type":"WebPage","@id":"https:\/\/prcwerk.com\/de\/projekte\/","url":"https:\/\/prcwerk.com\/de\/projekte\/","name":"PROJEKTE - prcwerk.com","isPartOf":{"@id":"https:\/\/prcwerk.com\/#website"},"primaryImageOfPage":{"@id":"https:\/\/prcwerk.com\/de\/projekte\/#primaryimage"},"image":{"@id":"https:\/\/prcwerk.com\/de\/projekte\/#primaryimage"},"thumbnailUrl":"https:\/\/prcwerk.com\/wp-content\/uploads\/2024\/05\/Banner-scaled.jpg","datePublished":"2024-05-08T05:36:35+00:00","dateModified":"2024-05-31T02:43:32+00:00","breadcrumb":{"@id":"https:\/\/prcwerk.com\/de\/projekte\/#breadcrumb"},"inLanguage":"de","potentialAction":[{"@type":"ReadAction","target":["https:\/\/prcwerk.com\/de\/projekte\/"]}]},{"@type":"ImageObject","inLanguage":"de","@id":"https:\/\/prcwerk.com\/de\/projekte\/#primaryimage","url":"https:\/\/prcwerk.com\/wp-content\/uploads\/2024\/05\/Banner-scaled.jpg","contentUrl":"https:\/\/prcwerk.com\/wp-content\/uploads\/2024\/05\/Banner-scaled.jpg"},{"@type":"BreadcrumbList","@id":"https:\/\/prcwerk.com\/de\/projekte\/#breadcrumb","itemListElement":[{"@type":"ListItem","position":1,"name":"Home","item":"https:\/\/prcwerk.com\/"},{"@type":"ListItem","position":2,"name":"PROJEKTE"}]},{"@type":"WebSite","@id":"https:\/\/prcwerk.com\/#website","url":"https:\/\/prcwerk.com\/","name":"prcwerk.com","description":"","publisher":{"@id":"https:\/\/prcwerk.com\/#organization"},"potentialAction":[{"@type":"SearchAction","target":{"@type":"EntryPoint","urlTemplate":"https:\/\/prcwerk.com\/?s={search_term_string}"},"query-input":{"@type":"PropertyValueSpecification","valueRequired":true,"valueName":"search_term_string"}}],"inLanguage":"de"},{"@type":"Organization","@id":"https:\/\/prcwerk.com\/#organization","name":"prcwerk.com","url":"https:\/\/prcwerk.com\/","logo":{"@type":"ImageObject","inLanguage":"de","@id":"https:\/\/prcwerk.com\/#\/schema\/logo\/image\/","url":"https:\/\/prcwerk.com\/wp-content\/uploads\/2024\/04\/PRC-512-White.png","contentUrl":"https:\/\/prcwerk.com\/wp-content\/uploads\/2024\/04\/PRC-512-White.png","width":512,"height":512,"caption":"prcwerk.com"},"image":{"@id":"https:\/\/prcwerk.com\/#\/schema\/logo\/image\/"}}]}},"_links":{"self":[{"href":"https:\/\/prcwerk.com\/de\/wp-json\/wp\/v2\/pages\/2274","targetHints":{"allow":["GET"]}}],"collection":[{"href":"https:\/\/prcwerk.com\/de\/wp-json\/wp\/v2\/pages"}],"about":[{"href":"https:\/\/prcwerk.com\/de\/wp-json\/wp\/v2\/types\/page"}],"author":[{"embeddable":true,"href":"https:\/\/prcwerk.com\/de\/wp-json\/wp\/v2\/users\/1"}],"replies":[{"embeddable":true,"href":"https:\/\/prcwerk.com\/de\/wp-json\/wp\/v2\/comments?post=2274"}],"version-history":[{"count":1,"href":"https:\/\/prcwerk.com\/de\/wp-json\/wp\/v2\/pages\/2274\/revisions"}],"predecessor-version":[{"id":2275,"href":"https:\/\/prcwerk.com\/de\/wp-json\/wp\/v2\/pages\/2274\/revisions\/2275"}],"wp:attachment":[{"href":"https:\/\/prcwerk.com\/de\/wp-json\/wp\/v2\/media?parent=2274"}],"curies":[{"name":"wp","href":"https:\/\/api.w.org\/{rel}","templated":true}]}}