{"id":2272,"date":"2024-05-08T05:37:23","date_gmt":"2024-05-08T05:37:23","guid":{"rendered":"https:\/\/prcwerk.instawp.xyz\/kontakt\/"},"modified":"2024-05-31T02:41:08","modified_gmt":"2024-05-31T02:41:08","slug":"kontakt","status":"publish","type":"page","link":"https:\/\/prcwerk.com\/de\/kontakt\/","title":{"rendered":"Kontakt"},"content":{"rendered":"\t\t<div data-elementor-type=\"wp-page\" data-elementor-id=\"2272\" class=\"elementor elementor-2272 elementor-83\" data-elementor-post-type=\"page\">\n\t\t\t\t<div class=\"elementor-element elementor-element-5bf342f e-con-full e-flex e-con e-parent\" data-id=\"5bf342f\" data-element_type=\"container\" data-e-type=\"container\">\n\t\t\t\t<div class=\"elementor-element elementor-element-6f2b25c elementor-widget elementor-widget-image\" data-id=\"6f2b25c\" data-element_type=\"widget\" data-e-type=\"widget\" data-widget_type=\"image.default\">\n\t\t\t\t<div class=\"elementor-widget-container\">\n\t\t\t\t\t\t\t\t\t\t\t\t\t\t\t<img fetchpriority=\"high\" decoding=\"async\" width=\"2048\" height=\"1370\" src=\"https:\/\/prcwerk.com\/wp-content\/uploads\/2024\/05\/contact-banner.jpg\" class=\"attachment-full size-full wp-image-1313\" alt=\"\" srcset=\"https:\/\/prcwerk.com\/wp-content\/uploads\/2024\/05\/contact-banner.jpg 2048w, https:\/\/prcwerk.com\/wp-content\/uploads\/2024\/05\/contact-banner-300x201.jpg 300w, https:\/\/prcwerk.com\/wp-content\/uploads\/2024\/05\/contact-banner-1024x685.jpg 1024w, https:\/\/prcwerk.com\/wp-content\/uploads\/2024\/05\/contact-banner-768x514.jpg 768w, https:\/\/prcwerk.com\/wp-content\/uploads\/2024\/05\/contact-banner-1536x1028.jpg 1536w\" sizes=\"(max-width: 2048px) 100vw, 2048px\" \/>\t\t\t\t\t\t\t\t\t\t\t\t\t\t\t<\/div>\n\t\t\t\t<\/div>\n\t\t<div class=\"elementor-element elementor-element-481c151 e-flex e-con-boxed e-con e-child\" data-id=\"481c151\" data-element_type=\"container\" data-e-type=\"container\">\n\t\t\t\t\t<div class=\"e-con-inner\">\n\t\t\t\t<div class=\"elementor-element elementor-element-dd6c1b4 elementor-widget elementor-widget-text-editor\" data-id=\"dd6c1b4\" data-element_type=\"widget\" data-e-type=\"widget\" data-widget_type=\"text-editor.default\">\n\t\t\t\t<div class=\"elementor-widget-container\">\n\t\t\t\t\t\t\t\t\t<p><span style=\"font-weight: 400;\">Vielen Dank, dass Sie uns f\u00fcr Ihre Projektbed\u00fcrfnisse in Betracht ziehen. Unser Team freut sich darauf, mit Ihnen zusammenzuarbeiten und au\u00dfergew\u00f6hnlichen Service zu bieten, um Ihre Vision zum Leben zu erwecken. Um das Gespr\u00e4ch zu beginnen, nutzen Sie bitte das untenstehende Formular, um mit uns in Kontakt zu treten. Detaillierte Informationen wie Bilder, Grundrisse und Designideen erm\u00f6glichen es uns, Ihr Projekt schnell zu bewerten und den besten Ansatz zur Erf\u00fcllung Ihrer individuellen Anforderungen zu besprechen.   <\/span><\/p>\n\t\t\t\t\t\t\t\t<\/div>\n\t\t\t\t<\/div>\n\t\t\t\t<div class=\"elementor-element elementor-element-a49da3b elementor-widget elementor-widget-heading\" data-id=\"a49da3b\" data-element_type=\"widget\" data-e-type=\"widget\" data-widget_type=\"heading.default\">\n\t\t\t\t<div class=\"elementor-widget-container\">\n\t\t\t\t\t<h2 class=\"elementor-heading-title elementor-size-default\">Kontakt<\/h2>\t\t\t\t<\/div>\n\t\t\t\t<\/div>\n\t\t\t\t<div class=\"elementor-element elementor-element-a2485d5 elementor-widget-divider--view-line elementor-widget elementor-widget-divider\" data-id=\"a2485d5\" data-element_type=\"widget\" data-e-type=\"widget\" data-widget_type=\"divider.default\">\n\t\t\t\t<div class=\"elementor-widget-container\">\n\t\t\t\t\t\t\t<div class=\"elementor-divider\">\n\t\t\t<span class=\"elementor-divider-separator\">\n\t\t\t\t\t\t<\/span>\n\t\t<\/div>\n\t\t\t\t\t\t<\/div>\n\t\t\t\t<\/div>\n\t\t\t\t\t<\/div>\n\t\t\t\t<\/div>\n\t\t\t\t<\/div>\n\t\t<div class=\"elementor-element elementor-element-972411d e-flex e-con-boxed e-con e-parent\" data-id=\"972411d\" data-element_type=\"container\" data-e-type=\"container\" id=\"contact\">\n\t\t\t\t\t<div class=\"e-con-inner\">\n\t\t<div class=\"elementor-element elementor-element-652b656 e-con-full e-flex e-con e-child\" data-id=\"652b656\" data-element_type=\"container\" data-e-type=\"container\">\n\t\t\t\t<div class=\"elementor-element elementor-element-5803286 elementor-widget elementor-widget-shortcode\" data-id=\"5803286\" data-element_type=\"widget\" data-e-type=\"widget\" data-widget_type=\"shortcode.default\">\n\t\t\t\t<div class=\"elementor-widget-container\">\n\t\t\t\t\t\t\t<div class=\"elementor-shortcode\">\n<div class=\"wpcf7 no-js\" id=\"wpcf7-f2431-o1\" lang=\"de-DE\" dir=\"ltr\" data-wpcf7-id=\"2431\">\n<div class=\"screen-reader-response\"><p role=\"status\" aria-live=\"polite\" aria-atomic=\"true\"><\/p> <ul><\/ul><\/div>\n<form action=\"\/de\/wp-json\/wp\/v2\/pages\/2272#wpcf7-f2431-o1\" method=\"post\" class=\"wpcf7-form init\" aria-label=\"Kontaktformular\" novalidate=\"novalidate\" data-status=\"init\">\n<fieldset class=\"hidden-fields-container\"><input type=\"hidden\" name=\"_wpcf7\" value=\"2431\" \/><input type=\"hidden\" name=\"_wpcf7_version\" value=\"6.1.5\" \/><input type=\"hidden\" name=\"_wpcf7_locale\" value=\"de_DE\" \/><input type=\"hidden\" name=\"_wpcf7_unit_tag\" value=\"wpcf7-f2431-o1\" \/><input type=\"hidden\" name=\"_wpcf7_container_post\" value=\"0\" \/><input type=\"hidden\" name=\"_wpcf7_posted_data_hash\" value=\"\" \/><input type=\"hidden\" name=\"_wpcf7_recaptcha_response\" value=\"\" \/>\n<\/fieldset>\n<p><label> Name<br \/>\n<span class=\"wpcf7-form-control-wrap\" data-name=\"your-name\"><input size=\"40\" maxlength=\"400\" class=\"wpcf7-form-control wpcf7-text wpcf7-validates-as-required\" autocomplete=\"name\" aria-required=\"true\" aria-invalid=\"false\" value=\"\" type=\"text\" name=\"your-name\" \/><\/span> <\/label>\n<\/p>\n<p><label> E-Mail<br \/>\n<span class=\"wpcf7-form-control-wrap\" data-name=\"your-email\"><input size=\"40\" maxlength=\"400\" class=\"wpcf7-form-control wpcf7-email wpcf7-validates-as-required wpcf7-text wpcf7-validates-as-email\" autocomplete=\"email\" aria-required=\"true\" aria-invalid=\"false\" value=\"\" type=\"email\" name=\"your-email\" \/><\/span> <\/label>\n<\/p>\n<p><label> Telefon<br \/>\n<span class=\"wpcf7-form-control-wrap\" data-name=\"your-email\"><input size=\"40\" maxlength=\"400\" class=\"wpcf7-form-control wpcf7-text wpcf7-validates-as-required\" autocomplete=\"email\" aria-required=\"true\" aria-invalid=\"false\" value=\"\" type=\"text\" name=\"your-email\" \/><\/span> <\/label>\n<\/p>\n<p><label> Betreff<br \/>\n<span class=\"wpcf7-form-control-wrap\" data-name=\"your-subject\"><input size=\"40\" maxlength=\"400\" class=\"wpcf7-form-control wpcf7-text wpcf7-validates-as-required\" aria-required=\"true\" aria-invalid=\"false\" value=\"\" type=\"text\" name=\"your-subject\" \/><\/span> <\/label>\n<\/p>\n<p><label> Nachricht<br \/>\n<span class=\"wpcf7-form-control-wrap\" data-name=\"your-message\"><textarea cols=\"40\" rows=\"10\" maxlength=\"2000\" class=\"wpcf7-form-control wpcf7-textarea\" aria-invalid=\"false\" name=\"your-message\"><\/textarea><\/span> <\/label>\n<\/p>\n<div>\n\t<p>Wir bedanken uns f\u00fcr Ihre Zeit und danken Ihnen, dass Sie uns f\u00fcr Ihr Projekt in Betracht ziehen.\n\t<\/p>\n<\/div>\n<p><input class=\"wpcf7-form-control wpcf7-submit has-spinner\" type=\"submit\" value=\"Submit\" \/>\n<\/p><div class=\"wpcf7-response-output\" aria-hidden=\"true\"><\/div>\n<\/form>\n<\/div>\n<\/div>\n\t\t\t\t\t\t<\/div>\n\t\t\t\t<\/div>\n\t\t\t\t<\/div>\n\t\t<div class=\"elementor-element elementor-element-b6860f7 e-con-full e-flex e-con e-child\" data-id=\"b6860f7\" data-element_type=\"container\" data-e-type=\"container\">\n\t\t\t\t<div class=\"elementor-element elementor-element-deb6ef4 elementor-widget elementor-widget-image\" data-id=\"deb6ef4\" data-element_type=\"widget\" data-e-type=\"widget\" data-widget_type=\"image.default\">\n\t\t\t\t<div class=\"elementor-widget-container\">\n\t\t\t\t\t\t\t\t\t\t\t\t\t\t\t<img decoding=\"async\" src=\"https:\/\/prcwerk.com\/wp-content\/uploads\/elementor\/thumbs\/CONTACT-2-qp6x402jnk0jhrjep1zocpcpjvb6833u8qhnzfsqgw.jpg\" title=\"CONTACT (2)\" alt=\"CONTACT (2)\" loading=\"lazy\" \/>\t\t\t\t\t\t\t\t\t\t\t\t\t\t\t<\/div>\n\t\t\t\t<\/div>\n\t\t\t\t<\/div>\n\t\t\t\t\t<\/div>\n\t\t\t\t<\/div>\n\t\t\t\t<\/div>\n\t\t","protected":false},"excerpt":{"rendered":"<p>Vielen Dank, dass Sie uns f\u00fcr Ihre Projektbed\u00fcrfnisse in Betracht ziehen. Unser Team freut sich darauf, mit Ihnen zusammenzuarbeiten und [&hellip;]<\/p>\n","protected":false},"author":1,"featured_media":0,"parent":0,"menu_order":0,"comment_status":"closed","ping_status":"closed","template":"","meta":{"_acf_changed":false,"site-sidebar-layout":"no-sidebar","site-content-layout":"","ast-site-content-layout":"full-width-container","site-content-style":"default","site-sidebar-style":"default","ast-global-header-display":"","ast-banner-title-visibility":"","ast-main-header-display":"","ast-hfb-above-header-display":"","ast-hfb-below-header-display":"","ast-hfb-mobile-header-display":"","site-post-title":"disabled","ast-breadcrumbs-content":"","ast-featured-img":"disabled","footer-sml-layout":"","ast-disable-related-posts":"","theme-transparent-header-meta":"","adv-header-id-meta":"","stick-header-meta":"","header-above-stick-meta":"","header-main-stick-meta":"","header-below-stick-meta":"","astra-migrate-meta-layouts":"default","ast-page-background-enabled":"default","ast-page-background-meta":{"desktop":{"background-color":"var(--ast-global-color-4)","background-image":"","background-repeat":"repeat","background-position":"center center","background-size":"auto","background-attachment":"scroll","background-type":"","background-media":"","overlay-type":"","overlay-color":"","overlay-opacity":"","overlay-gradient":""},"tablet":{"background-color":"","background-image":"","background-repeat":"repeat","background-position":"center center","background-size":"auto","background-attachment":"scroll","background-type":"","background-media":"","overlay-type":"","overlay-color":"","overlay-opacity":"","overlay-gradient":""},"mobile":{"background-color":"","background-image":"","background-repeat":"repeat","background-position":"center center","background-size":"auto","background-attachment":"scroll","background-type":"","background-media":"","overlay-type":"","overlay-color":"","overlay-opacity":"","overlay-gradient":""}},"ast-content-background-meta":{"desktop":{"background-color":"var(--ast-global-color-5)","background-image":"","background-repeat":"repeat","background-position":"center center","background-size":"auto","background-attachment":"scroll","background-type":"","background-media":"","overlay-type":"","overlay-color":"","overlay-opacity":"","overlay-gradient":""},"tablet":{"background-color":"var(--ast-global-color-5)","background-image":"","background-repeat":"repeat","background-position":"center center","background-size":"auto","background-attachment":"scroll","background-type":"","background-media":"","overlay-type":"","overlay-color":"","overlay-opacity":"","overlay-gradient":""},"mobile":{"background-color":"var(--ast-global-color-5)","background-image":"","background-repeat":"repeat","background-position":"center center","background-size":"auto","background-attachment":"scroll","background-type":"","background-media":"","overlay-type":"","overlay-color":"","overlay-opacity":"","overlay-gradient":""}},"footnotes":""},"class_list":["post-2272","page","type-page","status-publish","hentry"],"acf":[],"yoast_head":"<!-- This site is optimized with the Yoast SEO plugin v27.4 - https:\/\/yoast.com\/product\/yoast-seo-wordpress\/ -->\n<title>Kontakt - prcwerk.com<\/title>\n<meta name=\"robots\" content=\"index, follow, max-snippet:-1, max-image-preview:large, max-video-preview:-1\" \/>\n<link rel=\"canonical\" href=\"https:\/\/prcwerk.com\/de\/kontakt\/\" \/>\n<meta property=\"og:locale\" content=\"de_DE\" \/>\n<meta property=\"og:type\" content=\"article\" \/>\n<meta property=\"og:title\" content=\"Kontakt - prcwerk.com\" \/>\n<meta property=\"og:description\" content=\"Vielen Dank, dass Sie uns f\u00fcr Ihre Projektbed\u00fcrfnisse in Betracht ziehen. Unser Team freut sich darauf, mit Ihnen zusammenzuarbeiten und [&hellip;]\" \/>\n<meta property=\"og:url\" content=\"https:\/\/prcwerk.com\/de\/kontakt\/\" \/>\n<meta property=\"og:site_name\" content=\"prcwerk.com\" \/>\n<meta property=\"article:modified_time\" content=\"2024-05-31T02:41:08+00:00\" \/>\n<meta property=\"og:image\" content=\"https:\/\/prcwerk.com\/wp-content\/uploads\/2024\/05\/contact-banner.jpg\" \/>\n<meta name=\"twitter:card\" content=\"summary_large_image\" \/>\n<script type=\"application\/ld+json\" class=\"yoast-schema-graph\">{\"@context\":\"https:\\\/\\\/schema.org\",\"@graph\":[{\"@type\":\"WebPage\",\"@id\":\"https:\\\/\\\/prcwerk.com\\\/de\\\/kontakt\\\/\",\"url\":\"https:\\\/\\\/prcwerk.com\\\/de\\\/kontakt\\\/\",\"name\":\"Kontakt - prcwerk.com\",\"isPartOf\":{\"@id\":\"https:\\\/\\\/prcwerk.com\\\/#website\"},\"primaryImageOfPage\":{\"@id\":\"https:\\\/\\\/prcwerk.com\\\/de\\\/kontakt\\\/#primaryimage\"},\"image\":{\"@id\":\"https:\\\/\\\/prcwerk.com\\\/de\\\/kontakt\\\/#primaryimage\"},\"thumbnailUrl\":\"https:\\\/\\\/prcwerk.com\\\/wp-content\\\/uploads\\\/2024\\\/05\\\/contact-banner.jpg\",\"datePublished\":\"2024-05-08T05:37:23+00:00\",\"dateModified\":\"2024-05-31T02:41:08+00:00\",\"breadcrumb\":{\"@id\":\"https:\\\/\\\/prcwerk.com\\\/de\\\/kontakt\\\/#breadcrumb\"},\"inLanguage\":\"de\",\"potentialAction\":[{\"@type\":\"ReadAction\",\"target\":[\"https:\\\/\\\/prcwerk.com\\\/de\\\/kontakt\\\/\"]}]},{\"@type\":\"ImageObject\",\"inLanguage\":\"de\",\"@id\":\"https:\\\/\\\/prcwerk.com\\\/de\\\/kontakt\\\/#primaryimage\",\"url\":\"https:\\\/\\\/prcwerk.com\\\/wp-content\\\/uploads\\\/2024\\\/05\\\/contact-banner.jpg\",\"contentUrl\":\"https:\\\/\\\/prcwerk.com\\\/wp-content\\\/uploads\\\/2024\\\/05\\\/contact-banner.jpg\"},{\"@type\":\"BreadcrumbList\",\"@id\":\"https:\\\/\\\/prcwerk.com\\\/de\\\/kontakt\\\/#breadcrumb\",\"itemListElement\":[{\"@type\":\"ListItem\",\"position\":1,\"name\":\"Home\",\"item\":\"https:\\\/\\\/prcwerk.com\\\/\"},{\"@type\":\"ListItem\",\"position\":2,\"name\":\"Kontakt\"}]},{\"@type\":\"WebSite\",\"@id\":\"https:\\\/\\\/prcwerk.com\\\/#website\",\"url\":\"https:\\\/\\\/prcwerk.com\\\/\",\"name\":\"prcwerk.com\",\"description\":\"\",\"publisher\":{\"@id\":\"https:\\\/\\\/prcwerk.com\\\/#organization\"},\"potentialAction\":[{\"@type\":\"SearchAction\",\"target\":{\"@type\":\"EntryPoint\",\"urlTemplate\":\"https:\\\/\\\/prcwerk.com\\\/?s={search_term_string}\"},\"query-input\":{\"@type\":\"PropertyValueSpecification\",\"valueRequired\":true,\"valueName\":\"search_term_string\"}}],\"inLanguage\":\"de\"},{\"@type\":\"Organization\",\"@id\":\"https:\\\/\\\/prcwerk.com\\\/#organization\",\"name\":\"prcwerk.com\",\"url\":\"https:\\\/\\\/prcwerk.com\\\/\",\"logo\":{\"@type\":\"ImageObject\",\"inLanguage\":\"de\",\"@id\":\"https:\\\/\\\/prcwerk.com\\\/#\\\/schema\\\/logo\\\/image\\\/\",\"url\":\"https:\\\/\\\/prcwerk.com\\\/wp-content\\\/uploads\\\/2024\\\/04\\\/PRC-512-White.png\",\"contentUrl\":\"https:\\\/\\\/prcwerk.com\\\/wp-content\\\/uploads\\\/2024\\\/04\\\/PRC-512-White.png\",\"width\":512,\"height\":512,\"caption\":\"prcwerk.com\"},\"image\":{\"@id\":\"https:\\\/\\\/prcwerk.com\\\/#\\\/schema\\\/logo\\\/image\\\/\"}}]}<\/script>\n<!-- \/ Yoast SEO plugin. -->","yoast_head_json":{"title":"Kontakt - prcwerk.com","robots":{"index":"index","follow":"follow","max-snippet":"max-snippet:-1","max-image-preview":"max-image-preview:large","max-video-preview":"max-video-preview:-1"},"canonical":"https:\/\/prcwerk.com\/de\/kontakt\/","og_locale":"de_DE","og_type":"article","og_title":"Kontakt - prcwerk.com","og_description":"Vielen Dank, dass Sie uns f\u00fcr Ihre Projektbed\u00fcrfnisse in Betracht ziehen. Unser Team freut sich darauf, mit Ihnen zusammenzuarbeiten und [&hellip;]","og_url":"https:\/\/prcwerk.com\/de\/kontakt\/","og_site_name":"prcwerk.com","article_modified_time":"2024-05-31T02:41:08+00:00","og_image":[{"url":"https:\/\/prcwerk.com\/wp-content\/uploads\/2024\/05\/contact-banner.jpg","type":"","width":"","height":""}],"twitter_card":"summary_large_image","schema":{"@context":"https:\/\/schema.org","@graph":[{"@type":"WebPage","@id":"https:\/\/prcwerk.com\/de\/kontakt\/","url":"https:\/\/prcwerk.com\/de\/kontakt\/","name":"Kontakt - prcwerk.com","isPartOf":{"@id":"https:\/\/prcwerk.com\/#website"},"primaryImageOfPage":{"@id":"https:\/\/prcwerk.com\/de\/kontakt\/#primaryimage"},"image":{"@id":"https:\/\/prcwerk.com\/de\/kontakt\/#primaryimage"},"thumbnailUrl":"https:\/\/prcwerk.com\/wp-content\/uploads\/2024\/05\/contact-banner.jpg","datePublished":"2024-05-08T05:37:23+00:00","dateModified":"2024-05-31T02:41:08+00:00","breadcrumb":{"@id":"https:\/\/prcwerk.com\/de\/kontakt\/#breadcrumb"},"inLanguage":"de","potentialAction":[{"@type":"ReadAction","target":["https:\/\/prcwerk.com\/de\/kontakt\/"]}]},{"@type":"ImageObject","inLanguage":"de","@id":"https:\/\/prcwerk.com\/de\/kontakt\/#primaryimage","url":"https:\/\/prcwerk.com\/wp-content\/uploads\/2024\/05\/contact-banner.jpg","contentUrl":"https:\/\/prcwerk.com\/wp-content\/uploads\/2024\/05\/contact-banner.jpg"},{"@type":"BreadcrumbList","@id":"https:\/\/prcwerk.com\/de\/kontakt\/#breadcrumb","itemListElement":[{"@type":"ListItem","position":1,"name":"Home","item":"https:\/\/prcwerk.com\/"},{"@type":"ListItem","position":2,"name":"Kontakt"}]},{"@type":"WebSite","@id":"https:\/\/prcwerk.com\/#website","url":"https:\/\/prcwerk.com\/","name":"prcwerk.com","description":"","publisher":{"@id":"https:\/\/prcwerk.com\/#organization"},"potentialAction":[{"@type":"SearchAction","target":{"@type":"EntryPoint","urlTemplate":"https:\/\/prcwerk.com\/?s={search_term_string}"},"query-input":{"@type":"PropertyValueSpecification","valueRequired":true,"valueName":"search_term_string"}}],"inLanguage":"de"},{"@type":"Organization","@id":"https:\/\/prcwerk.com\/#organization","name":"prcwerk.com","url":"https:\/\/prcwerk.com\/","logo":{"@type":"ImageObject","inLanguage":"de","@id":"https:\/\/prcwerk.com\/#\/schema\/logo\/image\/","url":"https:\/\/prcwerk.com\/wp-content\/uploads\/2024\/04\/PRC-512-White.png","contentUrl":"https:\/\/prcwerk.com\/wp-content\/uploads\/2024\/04\/PRC-512-White.png","width":512,"height":512,"caption":"prcwerk.com"},"image":{"@id":"https:\/\/prcwerk.com\/#\/schema\/logo\/image\/"}}]}},"_links":{"self":[{"href":"https:\/\/prcwerk.com\/de\/wp-json\/wp\/v2\/pages\/2272","targetHints":{"allow":["GET"]}}],"collection":[{"href":"https:\/\/prcwerk.com\/de\/wp-json\/wp\/v2\/pages"}],"about":[{"href":"https:\/\/prcwerk.com\/de\/wp-json\/wp\/v2\/types\/page"}],"author":[{"embeddable":true,"href":"https:\/\/prcwerk.com\/de\/wp-json\/wp\/v2\/users\/1"}],"replies":[{"embeddable":true,"href":"https:\/\/prcwerk.com\/de\/wp-json\/wp\/v2\/comments?post=2272"}],"version-history":[{"count":1,"href":"https:\/\/prcwerk.com\/de\/wp-json\/wp\/v2\/pages\/2272\/revisions"}],"predecessor-version":[{"id":2273,"href":"https:\/\/prcwerk.com\/de\/wp-json\/wp\/v2\/pages\/2272\/revisions\/2273"}],"wp:attachment":[{"href":"https:\/\/prcwerk.com\/de\/wp-json\/wp\/v2\/media?parent=2272"}],"curies":[{"name":"wp","href":"https:\/\/api.w.org\/{rel}","templated":true}]}}