{"id":2251,"date":"2024-05-08T05:37:02","date_gmt":"2024-05-08T05:37:02","guid":{"rendered":"https:\/\/prcwerk.instawp.xyz\/about-us\/"},"modified":"2024-05-31T02:21:50","modified_gmt":"2024-05-31T02:21:50","slug":"about-us","status":"publish","type":"page","link":"https:\/\/prcwerk.com\/de\/about-us\/","title":{"rendered":"About Us"},"content":{"rendered":"\t\t<div data-elementor-type=\"wp-page\" data-elementor-id=\"2251\" class=\"elementor elementor-2251 elementor-79\" data-elementor-post-type=\"page\">\n\t\t\t\t<div class=\"elementor-element elementor-element-67a6635 e-con-full e-flex e-con e-parent\" data-id=\"67a6635\" data-element_type=\"container\" data-e-type=\"container\">\n\t\t\t\t<div class=\"elementor-element elementor-element-c76ce51 elementor-widget elementor-widget-image\" data-id=\"c76ce51\" data-element_type=\"widget\" data-e-type=\"widget\" data-widget_type=\"image.default\">\n\t\t\t\t<div class=\"elementor-widget-container\">\n\t\t\t\t\t\t\t\t\t\t\t\t\t\t\t<img fetchpriority=\"high\" decoding=\"async\" width=\"2048\" height=\"1367\" src=\"https:\/\/prcwerk.com\/wp-content\/uploads\/2024\/05\/About-us-3.jpg\" class=\"attachment-full size-full wp-image-1285\" alt=\"\" srcset=\"https:\/\/prcwerk.com\/wp-content\/uploads\/2024\/05\/About-us-3.jpg 2048w, https:\/\/prcwerk.com\/wp-content\/uploads\/2024\/05\/About-us-3-300x200.jpg 300w, https:\/\/prcwerk.com\/wp-content\/uploads\/2024\/05\/About-us-3-1024x684.jpg 1024w, https:\/\/prcwerk.com\/wp-content\/uploads\/2024\/05\/About-us-3-768x513.jpg 768w, https:\/\/prcwerk.com\/wp-content\/uploads\/2024\/05\/About-us-3-1536x1025.jpg 1536w\" sizes=\"(max-width: 2048px) 100vw, 2048px\" \/>\t\t\t\t\t\t\t\t\t\t\t\t\t\t\t<\/div>\n\t\t\t\t<\/div>\n\t\t\t\t<\/div>\n\t\t<div class=\"elementor-element elementor-element-4204e93 e-flex e-con-boxed e-con e-parent\" data-id=\"4204e93\" data-element_type=\"container\" data-e-type=\"container\">\n\t\t\t\t\t<div class=\"e-con-inner\">\n\t\t<div class=\"elementor-element elementor-element-824c716 e-con-full e-flex e-con e-child\" data-id=\"824c716\" data-element_type=\"container\" data-e-type=\"container\">\n\t\t\t\t<div class=\"elementor-element elementor-element-4a42497 elementor-widget elementor-widget-heading\" data-id=\"4a42497\" data-element_type=\"widget\" data-e-type=\"widget\" data-widget_type=\"heading.default\">\n\t\t\t\t<div class=\"elementor-widget-container\">\n\t\t\t\t\t<h2 class=\"elementor-heading-title elementor-size-default\">ABOUT US<\/h2>\t\t\t\t<\/div>\n\t\t\t\t<\/div>\n\t\t\t\t<div class=\"elementor-element elementor-element-0cc229a elementor-widget-divider--view-line elementor-widget elementor-widget-divider\" data-id=\"0cc229a\" data-element_type=\"widget\" data-e-type=\"widget\" data-widget_type=\"divider.default\">\n\t\t\t\t<div class=\"elementor-widget-container\">\n\t\t\t\t\t\t\t<div class=\"elementor-divider\">\n\t\t\t<span class=\"elementor-divider-separator\">\n\t\t\t\t\t\t<\/span>\n\t\t<\/div>\n\t\t\t\t\t\t<\/div>\n\t\t\t\t<\/div>\n\t\t\t\t<div class=\"elementor-element elementor-element-58f6110 elementor-widget elementor-widget-text-editor\" data-id=\"58f6110\" data-element_type=\"widget\" data-e-type=\"widget\" data-widget_type=\"text-editor.default\">\n\t\t\t\t<div class=\"elementor-widget-container\">\n\t\t\t\t\t\t\t\t\t<p>PRC Werk ist ein familiengef\u00fchrtes Unternehmen mit umfangreicher Erfahrung im Bereich Bau, Renovierung und Verwaltung von Immobilien. Urspr\u00fcnglich aus Frankfurt, Deutschland stammend, ist unsere Familie seit Generationen in der Immobilienbranche t\u00e4tig und besitzt und verwaltet nun mehrere Immobilien in und um <br \/>Bangkok, Thailand.<\/p>\n<p>Unsere umfangreiche Erfahrung im Immobilienmanagement erm\u00f6glicht uns einen einzigartigen Blickwinkel auf Design, Renovierung und Bau. Wir verstehen die Bedeutung der Schaffung von sch\u00f6nen R\u00e4umen, die den Test der Zeit bestehen. Qualit\u00e4t und Langlebigkeit stehen bei jedem unserer Projekte an erster Stelle.  <\/p>\n\t\t\t\t\t\t\t\t<\/div>\n\t\t\t\t<\/div>\n\t\t\t\t<\/div>\n\t\t<div class=\"elementor-element elementor-element-8d64869 e-con-full e-flex e-con e-child\" data-id=\"8d64869\" data-element_type=\"container\" data-e-type=\"container\">\n\t\t\t\t<div class=\"elementor-element elementor-element-4f2df2e elementor-widget elementor-widget-image\" data-id=\"4f2df2e\" data-element_type=\"widget\" data-e-type=\"widget\" data-widget_type=\"image.default\">\n\t\t\t\t<div class=\"elementor-widget-container\">\n\t\t\t\t\t\t\t\t\t\t\t\t\t\t\t<img decoding=\"async\" width=\"1024\" height=\"684\" src=\"https:\/\/prcwerk.com\/wp-content\/uploads\/2024\/05\/About-us-2-1024x684.jpg\" class=\"attachment-large size-large wp-image-1287\" alt=\"\" srcset=\"https:\/\/prcwerk.com\/wp-content\/uploads\/2024\/05\/About-us-2-1024x684.jpg 1024w, https:\/\/prcwerk.com\/wp-content\/uploads\/2024\/05\/About-us-2-300x200.jpg 300w, https:\/\/prcwerk.com\/wp-content\/uploads\/2024\/05\/About-us-2-768x513.jpg 768w, https:\/\/prcwerk.com\/wp-content\/uploads\/2024\/05\/About-us-2-1536x1025.jpg 1536w, https:\/\/prcwerk.com\/wp-content\/uploads\/2024\/05\/About-us-2.jpg 2048w\" sizes=\"(max-width: 1024px) 100vw, 1024px\" \/>\t\t\t\t\t\t\t\t\t\t\t\t\t\t\t<\/div>\n\t\t\t\t<\/div>\n\t\t\t\t<\/div>\n\t\t\t\t\t<\/div>\n\t\t\t\t<\/div>\n\t\t<div class=\"elementor-element elementor-element-32ca0ae e-flex e-con-boxed e-con e-parent\" data-id=\"32ca0ae\" data-element_type=\"container\" data-e-type=\"container\">\n\t\t\t\t\t<div class=\"e-con-inner\">\n\t\t\t\t<div class=\"elementor-element elementor-element-f4be712 elementor-widget elementor-widget-heading\" data-id=\"f4be712\" data-element_type=\"widget\" data-e-type=\"widget\" data-widget_type=\"heading.default\">\n\t\t\t\t<div class=\"elementor-widget-container\">\n\t\t\t\t\t<h2 class=\"elementor-heading-title elementor-size-default\">MISSION &amp; VISION<\/h2>\t\t\t\t<\/div>\n\t\t\t\t<\/div>\n\t\t\t\t<div class=\"elementor-element elementor-element-84bfb8e elementor-widget-divider--view-line elementor-widget elementor-widget-divider\" data-id=\"84bfb8e\" data-element_type=\"widget\" data-e-type=\"widget\" data-widget_type=\"divider.default\">\n\t\t\t\t<div class=\"elementor-widget-container\">\n\t\t\t\t\t\t\t<div class=\"elementor-divider\">\n\t\t\t<span class=\"elementor-divider-separator\">\n\t\t\t\t\t\t<\/span>\n\t\t<\/div>\n\t\t\t\t\t\t<\/div>\n\t\t\t\t<\/div>\n\t\t\t\t<div class=\"elementor-element elementor-element-0bc8069 elementor-widget elementor-widget-text-editor\" data-id=\"0bc8069\" data-element_type=\"widget\" data-e-type=\"widget\" data-widget_type=\"text-editor.default\">\n\t\t\t\t<div class=\"elementor-widget-container\">\n\t\t\t\t\t\t\t\t\t<p>At PRC Werk, we aim to deliver exceptional design, construction, and renovation services that enhance our client&#8217;s spaces. Focusing on quality craftsmanship, attention to detail, and outstanding project management, we create personalized solutions that reflect our client&#8217;s lifestyles and preferences. Through transparent communication and integrity, we build long-term relationships and become trusted partners for all design and construction needs. Our ultimate goal is to help clients bring their visions to life and create spaces they can enjoy for years.   <\/p>\n\t\t\t\t\t\t\t\t<\/div>\n\t\t\t\t<\/div>\n\t\t\t\t\t<\/div>\n\t\t\t\t<\/div>\n\t\t<div class=\"elementor-element elementor-element-e86aa57 e-con-full e-flex e-con e-parent\" data-id=\"e86aa57\" data-element_type=\"container\" data-e-type=\"container\">\n\t\t\t\t<div class=\"elementor-element elementor-element-4f96cf2 elementor-widget elementor-widget-image\" data-id=\"4f96cf2\" data-element_type=\"widget\" data-e-type=\"widget\" data-widget_type=\"image.default\">\n\t\t\t\t<div class=\"elementor-widget-container\">\n\t\t\t\t\t\t\t\t\t\t\t\t\t\t\t<img decoding=\"async\" width=\"2048\" height=\"1367\" src=\"https:\/\/prcwerk.com\/wp-content\/uploads\/2024\/05\/About-us-1.jpg\" class=\"attachment-full size-full wp-image-1289\" alt=\"\" srcset=\"https:\/\/prcwerk.com\/wp-content\/uploads\/2024\/05\/About-us-1.jpg 2048w, https:\/\/prcwerk.com\/wp-content\/uploads\/2024\/05\/About-us-1-300x200.jpg 300w, https:\/\/prcwerk.com\/wp-content\/uploads\/2024\/05\/About-us-1-1024x684.jpg 1024w, https:\/\/prcwerk.com\/wp-content\/uploads\/2024\/05\/About-us-1-768x513.jpg 768w, https:\/\/prcwerk.com\/wp-content\/uploads\/2024\/05\/About-us-1-1536x1025.jpg 1536w\" sizes=\"(max-width: 2048px) 100vw, 2048px\" \/>\t\t\t\t\t\t\t\t\t\t\t\t\t\t\t<\/div>\n\t\t\t\t<\/div>\n\t\t\t\t<\/div>\n\t\t<div class=\"elementor-element elementor-element-f25e00a e-flex e-con-boxed e-con e-parent\" data-id=\"f25e00a\" data-element_type=\"container\" data-e-type=\"container\">\n\t\t\t\t\t<div class=\"e-con-inner\">\n\t\t\t\t<div class=\"elementor-element elementor-element-d6ac256 elementor-widget elementor-widget-heading\" data-id=\"d6ac256\" data-element_type=\"widget\" data-e-type=\"widget\" data-widget_type=\"heading.default\">\n\t\t\t\t<div class=\"elementor-widget-container\">\n\t\t\t\t\t<h2 class=\"elementor-heading-title elementor-size-default\">TEAM WORK<\/h2>\t\t\t\t<\/div>\n\t\t\t\t<\/div>\n\t\t\t\t<div class=\"elementor-element elementor-element-a72581e elementor-widget-divider--view-line elementor-widget elementor-widget-divider\" data-id=\"a72581e\" data-element_type=\"widget\" data-e-type=\"widget\" data-widget_type=\"divider.default\">\n\t\t\t\t<div class=\"elementor-widget-container\">\n\t\t\t\t\t\t\t<div class=\"elementor-divider\">\n\t\t\t<span class=\"elementor-divider-separator\">\n\t\t\t\t\t\t<\/span>\n\t\t<\/div>\n\t\t\t\t\t\t<\/div>\n\t\t\t\t<\/div>\n\t\t\t\t<div class=\"elementor-element elementor-element-22e79b7 elementor-widget elementor-widget-text-editor\" data-id=\"22e79b7\" data-element_type=\"widget\" data-e-type=\"widget\" data-widget_type=\"text-editor.default\">\n\t\t\t\t<div class=\"elementor-widget-container\">\n\t\t\t\t\t\t\t\t\t<p>Bei PRC Werk streben wir danach, au\u00dfergew\u00f6hnliche Design-, Bau- und Renovierungsdienstleistungen anzubieten, die die R\u00e4ume unserer Kunden bereichern. Mit Fokus auf hochwertige Handwerkskunst, Liebe zum  <br \/>Detail und herausragendem Projektmanagement schaffen wir ma\u00dfgeschneiderte L\u00f6sungen, die den Lebensstil und die Vorlieben unserer Kunden widerspiegeln.  <br \/>Durch transparente Kommunikation und Integrit\u00e4t bauen wir langfristige Beziehungen auf und werden vertrauensw\u00fcrdige Partner f\u00fcr alle Design- und Bauanliegen. Unser oberstes Ziel besteht darin, unseren Kunden dabei zu helfen, ihre Visionen zum Leben zu erwecken und R\u00e4ume zu schaffen, die sie jahrelang genie\u00dfen  <br \/>k\u00f6nnen.<\/p>\n\t\t\t\t\t\t\t\t<\/div>\n\t\t\t\t<\/div>\n\t\t\t\t\t<\/div>\n\t\t\t\t<\/div>\n\t\t\t\t<\/div>\n\t\t","protected":false},"excerpt":{"rendered":"<p>ABOUT US PRC Werk ist ein familiengef\u00fchrtes Unternehmen mit umfangreicher Erfahrung im Bereich Bau, Renovierung und Verwaltung von Immobilien. Urspr\u00fcnglich [&hellip;]<\/p>\n","protected":false},"author":1,"featured_media":0,"parent":0,"menu_order":0,"comment_status":"closed","ping_status":"closed","template":"","meta":{"_acf_changed":false,"site-sidebar-layout":"no-sidebar","site-content-layout":"","ast-site-content-layout":"full-width-container","site-content-style":"default","site-sidebar-style":"default","ast-global-header-display":"","ast-banner-title-visibility":"","ast-main-header-display":"","ast-hfb-above-header-display":"","ast-hfb-below-header-display":"","ast-hfb-mobile-header-display":"","site-post-title":"disabled","ast-breadcrumbs-content":"","ast-featured-img":"disabled","footer-sml-layout":"","ast-disable-related-posts":"","theme-transparent-header-meta":"","adv-header-id-meta":"","stick-header-meta":"","header-above-stick-meta":"","header-main-stick-meta":"","header-below-stick-meta":"","astra-migrate-meta-layouts":"default","ast-page-background-enabled":"default","ast-page-background-meta":{"desktop":{"background-color":"var(--ast-global-color-4)","background-image":"","background-repeat":"repeat","background-position":"center center","background-size":"auto","background-attachment":"scroll","background-type":"","background-media":"","overlay-type":"","overlay-color":"","overlay-opacity":"","overlay-gradient":""},"tablet":{"background-color":"","background-image":"","background-repeat":"repeat","background-position":"center center","background-size":"auto","background-attachment":"scroll","background-type":"","background-media":"","overlay-type":"","overlay-color":"","overlay-opacity":"","overlay-gradient":""},"mobile":{"background-color":"","background-image":"","background-repeat":"repeat","background-position":"center center","background-size":"auto","background-attachment":"scroll","background-type":"","background-media":"","overlay-type":"","overlay-color":"","overlay-opacity":"","overlay-gradient":""}},"ast-content-background-meta":{"desktop":{"background-color":"var(--ast-global-color-5)","background-image":"","background-repeat":"repeat","background-position":"center center","background-size":"auto","background-attachment":"scroll","background-type":"","background-media":"","overlay-type":"","overlay-color":"","overlay-opacity":"","overlay-gradient":""},"tablet":{"background-color":"var(--ast-global-color-5)","background-image":"","background-repeat":"repeat","background-position":"center center","background-size":"auto","background-attachment":"scroll","background-type":"","background-media":"","overlay-type":"","overlay-color":"","overlay-opacity":"","overlay-gradient":""},"mobile":{"background-color":"var(--ast-global-color-5)","background-image":"","background-repeat":"repeat","background-position":"center center","background-size":"auto","background-attachment":"scroll","background-type":"","background-media":"","overlay-type":"","overlay-color":"","overlay-opacity":"","overlay-gradient":""}},"footnotes":""},"class_list":["post-2251","page","type-page","status-publish","hentry"],"acf":[],"yoast_head":"<!-- This site is optimized with the Yoast SEO plugin v27.4 - https:\/\/yoast.com\/product\/yoast-seo-wordpress\/ -->\n<title>About Us - prcwerk.com<\/title>\n<meta name=\"robots\" content=\"index, follow, max-snippet:-1, max-image-preview:large, max-video-preview:-1\" \/>\n<link rel=\"canonical\" href=\"https:\/\/prcwerk.com\/de\/about-us\/\" \/>\n<meta property=\"og:locale\" content=\"de_DE\" \/>\n<meta property=\"og:type\" content=\"article\" \/>\n<meta property=\"og:title\" content=\"About Us - prcwerk.com\" \/>\n<meta property=\"og:description\" content=\"ABOUT US PRC Werk ist ein familiengef\u00fchrtes Unternehmen mit umfangreicher Erfahrung im Bereich Bau, Renovierung und Verwaltung von Immobilien. Urspr\u00fcnglich [&hellip;]\" \/>\n<meta property=\"og:url\" content=\"https:\/\/prcwerk.com\/de\/about-us\/\" \/>\n<meta property=\"og:site_name\" content=\"prcwerk.com\" \/>\n<meta property=\"article:modified_time\" content=\"2024-05-31T02:21:50+00:00\" \/>\n<meta property=\"og:image\" content=\"https:\/\/prcwerk.com\/wp-content\/uploads\/2024\/05\/About-us-3.jpg\" \/>\n<meta name=\"twitter:card\" content=\"summary_large_image\" \/>\n<meta name=\"twitter:label1\" content=\"Gesch\u00e4tzte Lesezeit\" \/>\n\t<meta name=\"twitter:data1\" content=\"1\u00a0Minute\" \/>\n<script type=\"application\/ld+json\" class=\"yoast-schema-graph\">{\"@context\":\"https:\\\/\\\/schema.org\",\"@graph\":[{\"@type\":\"WebPage\",\"@id\":\"https:\\\/\\\/prcwerk.com\\\/de\\\/about-us\\\/\",\"url\":\"https:\\\/\\\/prcwerk.com\\\/de\\\/about-us\\\/\",\"name\":\"About Us - prcwerk.com\",\"isPartOf\":{\"@id\":\"https:\\\/\\\/prcwerk.com\\\/#website\"},\"primaryImageOfPage\":{\"@id\":\"https:\\\/\\\/prcwerk.com\\\/de\\\/about-us\\\/#primaryimage\"},\"image\":{\"@id\":\"https:\\\/\\\/prcwerk.com\\\/de\\\/about-us\\\/#primaryimage\"},\"thumbnailUrl\":\"https:\\\/\\\/prcwerk.com\\\/wp-content\\\/uploads\\\/2024\\\/05\\\/About-us-3.jpg\",\"datePublished\":\"2024-05-08T05:37:02+00:00\",\"dateModified\":\"2024-05-31T02:21:50+00:00\",\"breadcrumb\":{\"@id\":\"https:\\\/\\\/prcwerk.com\\\/de\\\/about-us\\\/#breadcrumb\"},\"inLanguage\":\"de\",\"potentialAction\":[{\"@type\":\"ReadAction\",\"target\":[\"https:\\\/\\\/prcwerk.com\\\/de\\\/about-us\\\/\"]}]},{\"@type\":\"ImageObject\",\"inLanguage\":\"de\",\"@id\":\"https:\\\/\\\/prcwerk.com\\\/de\\\/about-us\\\/#primaryimage\",\"url\":\"https:\\\/\\\/prcwerk.com\\\/wp-content\\\/uploads\\\/2024\\\/05\\\/About-us-3.jpg\",\"contentUrl\":\"https:\\\/\\\/prcwerk.com\\\/wp-content\\\/uploads\\\/2024\\\/05\\\/About-us-3.jpg\"},{\"@type\":\"BreadcrumbList\",\"@id\":\"https:\\\/\\\/prcwerk.com\\\/de\\\/about-us\\\/#breadcrumb\",\"itemListElement\":[{\"@type\":\"ListItem\",\"position\":1,\"name\":\"Home\",\"item\":\"https:\\\/\\\/prcwerk.com\\\/\"},{\"@type\":\"ListItem\",\"position\":2,\"name\":\"About Us\"}]},{\"@type\":\"WebSite\",\"@id\":\"https:\\\/\\\/prcwerk.com\\\/#website\",\"url\":\"https:\\\/\\\/prcwerk.com\\\/\",\"name\":\"prcwerk.com\",\"description\":\"\",\"publisher\":{\"@id\":\"https:\\\/\\\/prcwerk.com\\\/#organization\"},\"potentialAction\":[{\"@type\":\"SearchAction\",\"target\":{\"@type\":\"EntryPoint\",\"urlTemplate\":\"https:\\\/\\\/prcwerk.com\\\/?s={search_term_string}\"},\"query-input\":{\"@type\":\"PropertyValueSpecification\",\"valueRequired\":true,\"valueName\":\"search_term_string\"}}],\"inLanguage\":\"de\"},{\"@type\":\"Organization\",\"@id\":\"https:\\\/\\\/prcwerk.com\\\/#organization\",\"name\":\"prcwerk.com\",\"url\":\"https:\\\/\\\/prcwerk.com\\\/\",\"logo\":{\"@type\":\"ImageObject\",\"inLanguage\":\"de\",\"@id\":\"https:\\\/\\\/prcwerk.com\\\/#\\\/schema\\\/logo\\\/image\\\/\",\"url\":\"https:\\\/\\\/prcwerk.com\\\/wp-content\\\/uploads\\\/2024\\\/04\\\/PRC-512-White.png\",\"contentUrl\":\"https:\\\/\\\/prcwerk.com\\\/wp-content\\\/uploads\\\/2024\\\/04\\\/PRC-512-White.png\",\"width\":512,\"height\":512,\"caption\":\"prcwerk.com\"},\"image\":{\"@id\":\"https:\\\/\\\/prcwerk.com\\\/#\\\/schema\\\/logo\\\/image\\\/\"}}]}<\/script>\n<!-- \/ Yoast SEO plugin. -->","yoast_head_json":{"title":"About Us - prcwerk.com","robots":{"index":"index","follow":"follow","max-snippet":"max-snippet:-1","max-image-preview":"max-image-preview:large","max-video-preview":"max-video-preview:-1"},"canonical":"https:\/\/prcwerk.com\/de\/about-us\/","og_locale":"de_DE","og_type":"article","og_title":"About Us - prcwerk.com","og_description":"ABOUT US PRC Werk ist ein familiengef\u00fchrtes Unternehmen mit umfangreicher Erfahrung im Bereich Bau, Renovierung und Verwaltung von Immobilien. Urspr\u00fcnglich [&hellip;]","og_url":"https:\/\/prcwerk.com\/de\/about-us\/","og_site_name":"prcwerk.com","article_modified_time":"2024-05-31T02:21:50+00:00","og_image":[{"url":"https:\/\/prcwerk.com\/wp-content\/uploads\/2024\/05\/About-us-3.jpg","type":"","width":"","height":""}],"twitter_card":"summary_large_image","twitter_misc":{"Gesch\u00e4tzte Lesezeit":"1\u00a0Minute"},"schema":{"@context":"https:\/\/schema.org","@graph":[{"@type":"WebPage","@id":"https:\/\/prcwerk.com\/de\/about-us\/","url":"https:\/\/prcwerk.com\/de\/about-us\/","name":"About Us - prcwerk.com","isPartOf":{"@id":"https:\/\/prcwerk.com\/#website"},"primaryImageOfPage":{"@id":"https:\/\/prcwerk.com\/de\/about-us\/#primaryimage"},"image":{"@id":"https:\/\/prcwerk.com\/de\/about-us\/#primaryimage"},"thumbnailUrl":"https:\/\/prcwerk.com\/wp-content\/uploads\/2024\/05\/About-us-3.jpg","datePublished":"2024-05-08T05:37:02+00:00","dateModified":"2024-05-31T02:21:50+00:00","breadcrumb":{"@id":"https:\/\/prcwerk.com\/de\/about-us\/#breadcrumb"},"inLanguage":"de","potentialAction":[{"@type":"ReadAction","target":["https:\/\/prcwerk.com\/de\/about-us\/"]}]},{"@type":"ImageObject","inLanguage":"de","@id":"https:\/\/prcwerk.com\/de\/about-us\/#primaryimage","url":"https:\/\/prcwerk.com\/wp-content\/uploads\/2024\/05\/About-us-3.jpg","contentUrl":"https:\/\/prcwerk.com\/wp-content\/uploads\/2024\/05\/About-us-3.jpg"},{"@type":"BreadcrumbList","@id":"https:\/\/prcwerk.com\/de\/about-us\/#breadcrumb","itemListElement":[{"@type":"ListItem","position":1,"name":"Home","item":"https:\/\/prcwerk.com\/"},{"@type":"ListItem","position":2,"name":"About Us"}]},{"@type":"WebSite","@id":"https:\/\/prcwerk.com\/#website","url":"https:\/\/prcwerk.com\/","name":"prcwerk.com","description":"","publisher":{"@id":"https:\/\/prcwerk.com\/#organization"},"potentialAction":[{"@type":"SearchAction","target":{"@type":"EntryPoint","urlTemplate":"https:\/\/prcwerk.com\/?s={search_term_string}"},"query-input":{"@type":"PropertyValueSpecification","valueRequired":true,"valueName":"search_term_string"}}],"inLanguage":"de"},{"@type":"Organization","@id":"https:\/\/prcwerk.com\/#organization","name":"prcwerk.com","url":"https:\/\/prcwerk.com\/","logo":{"@type":"ImageObject","inLanguage":"de","@id":"https:\/\/prcwerk.com\/#\/schema\/logo\/image\/","url":"https:\/\/prcwerk.com\/wp-content\/uploads\/2024\/04\/PRC-512-White.png","contentUrl":"https:\/\/prcwerk.com\/wp-content\/uploads\/2024\/04\/PRC-512-White.png","width":512,"height":512,"caption":"prcwerk.com"},"image":{"@id":"https:\/\/prcwerk.com\/#\/schema\/logo\/image\/"}}]}},"_links":{"self":[{"href":"https:\/\/prcwerk.com\/de\/wp-json\/wp\/v2\/pages\/2251","targetHints":{"allow":["GET"]}}],"collection":[{"href":"https:\/\/prcwerk.com\/de\/wp-json\/wp\/v2\/pages"}],"about":[{"href":"https:\/\/prcwerk.com\/de\/wp-json\/wp\/v2\/types\/page"}],"author":[{"embeddable":true,"href":"https:\/\/prcwerk.com\/de\/wp-json\/wp\/v2\/users\/1"}],"replies":[{"embeddable":true,"href":"https:\/\/prcwerk.com\/de\/wp-json\/wp\/v2\/comments?post=2251"}],"version-history":[{"count":1,"href":"https:\/\/prcwerk.com\/de\/wp-json\/wp\/v2\/pages\/2251\/revisions"}],"predecessor-version":[{"id":2252,"href":"https:\/\/prcwerk.com\/de\/wp-json\/wp\/v2\/pages\/2251\/revisions\/2252"}],"wp:attachment":[{"href":"https:\/\/prcwerk.com\/de\/wp-json\/wp\/v2\/media?parent=2251"}],"curies":[{"name":"wp","href":"https:\/\/api.w.org\/{rel}","templated":true}]}}